{"id":9296,"date":"2024-07-25T09:25:16","date_gmt":"2024-07-25T07:25:16","guid":{"rendered":"https:\/\/www.finapptech.com\/?page_id=9296"},"modified":"2026-02-24T09:52:42","modified_gmt":"2026-02-24T08:52:42","slug":"marcos-carvhalho-miranda","status":"publish","type":"page","link":"https:\/\/www.finapptech.com\/fr\/lequipe\/marcos-carvhalho-miranda\/","title":{"rendered":"Marcos Jos\u00e9 Miranda Carvalho"},"content":{"rendered":"[vc_row type=\u00a0\u00bbin_container\u00a0\u00bb full_screen_row_position=\u00a0\u00bbmiddle\u00a0\u00bb column_margin=\u00a0\u00bbnone\u00a0\u00bb column_direction=\u00a0\u00bbdefault\u00a0\u00bb column_direction_tablet=\u00a0\u00bbdefault\u00a0\u00bb column_direction_phone=\u00a0\u00bbdefault\u00a0\u00bb scene_position=\u00a0\u00bbcenter\u00a0\u00bb text_color=\u00a0\u00bbdark\u00a0\u00bb text_align=\u00a0\u00bbright\u00a0\u00bb row_border_radius=\u00a0\u00bbnone\u00a0\u00bb row_border_radius_applies=\u00a0\u00bbbg\u00a0\u00bb overflow=\u00a0\u00bbvisible\u00a0\u00bb overlay_strength=\u00a0\u00bb0.3&Prime; gradient_direction=\u00a0\u00bbleft_to_right\u00a0\u00bb shape_divider_position=\u00a0\u00bbbottom\u00a0\u00bb bg_image_animation=\u00a0\u00bbnone\u00a0\u00bb gradient_type=\u00a0\u00bbdefault\u00a0\u00bb shape_type=\u00a0\u00bb\u00a0\u00bb][vc_column column_padding=\u00a0\u00bbno-extra-padding\u00a0\u00bb column_padding_tablet=\u00a0\u00bbinherit\u00a0\u00bb column_padding_phone=\u00a0\u00bbinherit\u00a0\u00bb column_padding_position=\u00a0\u00bball\u00a0\u00bb column_element_direction_desktop=\u00a0\u00bbdefault\u00a0\u00bb column_element_spacing=\u00a0\u00bbdefault\u00a0\u00bb desktop_text_alignment=\u00a0\u00bbdefault\u00a0\u00bb tablet_text_alignment=\u00a0\u00bbdefault\u00a0\u00bb phone_text_alignment=\u00a0\u00bbdefault\u00a0\u00bb background_color_opacity=\u00a0\u00bb1&Prime; background_hover_color_opacity=\u00a0\u00bb1&Prime; column_backdrop_filter=\u00a0\u00bbnone\u00a0\u00bb column_shadow=\u00a0\u00bbnone\u00a0\u00bb column_border_radius=\u00a0\u00bbnone\u00a0\u00bb column_link_target=\u00a0\u00bb_self\u00a0\u00bb column_position=\u00a0\u00bbdefault\u00a0\u00bb gradient_direction=\u00a0\u00bbleft_to_right\u00a0\u00bb overlay_strength=\u00a0\u00bb0.3&Prime; width=\u00a0\u00bb1\/1&Prime; tablet_width_inherit=\u00a0\u00bbdefault\u00a0\u00bb animation_type=\u00a0\u00bbdefault\u00a0\u00bb bg_image_animation=\u00a0\u00bbnone\u00a0\u00bb border_type=\u00a0\u00bbsimple\u00a0\u00bb column_border_width=\u00a0\u00bbnone\u00a0\u00bb column_border_style=\u00a0\u00bbsolid\u00a0\u00bb][vc_raw_html]JTVCd3BzZW9fYnJlYWRjcnVtYiU1RCUwQQ==[\/vc_raw_html][\/vc_column][\/vc_row][vc_row type=\u00a0\u00bbfull_width_content\u00a0\u00bb full_screen_row_position=\u00a0\u00bbmiddle\u00a0\u00bb column_margin=\u00a0\u00bbdefault\u00a0\u00bb equal_height=\u00a0\u00bbyes\u00a0\u00bb content_placement=\u00a0\u00bbtop\u00a0\u00bb column_direction=\u00a0\u00bbdefault\u00a0\u00bb column_direction_tablet=\u00a0\u00bbdefault\u00a0\u00bb column_direction_phone=\u00a0\u00bbdefault\u00a0\u00bb scene_position=\u00a0\u00bbcenter\u00a0\u00bb top_padding=\u00a0\u00bb40&Prime; bottom_padding=\u00a0\u00bb0&Prime; top_padding_tablet=\u00a0\u00bb40&Prime; text_color=\u00a0\u00bbdark\u00a0\u00bb text_align=\u00a0\u00bbleft\u00a0\u00bb row_border_radius=\u00a0\u00bbnone\u00a0\u00bb row_border_radius_applies=\u00a0\u00bbbg\u00a0\u00bb overflow=\u00a0\u00bbvisible\u00a0\u00bb class=\u00a0\u00bbrow__autgrid\u00a0\u00bb overlay_strength=\u00a0\u00bb0.3&Prime; gradient_direction=\u00a0\u00bbleft_to_right\u00a0\u00bb shape_divider_position=\u00a0\u00bbbottom\u00a0\u00bb bg_image_animation=\u00a0\u00bbnone\u00a0\u00bb gradient_type=\u00a0\u00bbdefault\u00a0\u00bb shape_type=\u00a0\u00bb\u00a0\u00bb][vc_column left_padding_desktop=\u00a0\u00bb85&Prime; right_padding_desktop=\u00a0\u00bb40&Prime; left_padding_tablet=\u00a0\u00bb40&Prime; column_element_direction_desktop=\u00a0\u00bbdefault\u00a0\u00bb column_element_spacing=\u00a0\u00bbdefault\u00a0\u00bb desktop_text_alignment=\u00a0\u00bbdefault\u00a0\u00bb tablet_text_alignment=\u00a0\u00bbdefault\u00a0\u00bb phone_text_alignment=\u00a0\u00bbdefault\u00a0\u00bb background_color_opacity=\u00a0\u00bb1&Prime; background_hover_color_opacity=\u00a0\u00bb1&Prime; column_backdrop_filter=\u00a0\u00bbnone\u00a0\u00bb column_shadow=\u00a0\u00bbnone\u00a0\u00bb column_border_radius=\u00a0\u00bbnone\u00a0\u00bb column_link_target=\u00a0\u00bb_self\u00a0\u00bb column_position=\u00a0\u00bbdefault\u00a0\u00bb el_class=\u00a0\u00bbcol__ac\u00a0\u00bb gradient_direction=\u00a0\u00bbleft_to_right\u00a0\u00bb overlay_strength=\u00a0\u00bb0.3&Prime; width=\u00a0\u00bb7\/12&Prime; tablet_width_inherit=\u00a0\u00bbdefault\u00a0\u00bb animation_type=\u00a0\u00bbdefault\u00a0\u00bb bg_image_animation=\u00a0\u00bbnone\u00a0\u00bb border_type=\u00a0\u00bbsimple\u00a0\u00bb column_border_width=\u00a0\u00bbnone\u00a0\u00bb column_border_style=\u00a0\u00bbsolid\u00a0\u00bb column_padding_type=\u00a0\u00bbadvanced\u00a0\u00bb gradient_type=\u00a0\u00bbdefault\u00a0\u00bb][nectar_responsive_text font_size_desktop=\u00a0\u00bb18px\u00a0\u00bb]\n<div class=\"flex max-w-full flex-col flex-grow\">\n<div class=\"min-h-8 text-message flex w-full flex-col items-end gap-2 whitespace-normal break-words [.text-message+&amp;]:mt-5\" dir=\"auto\" data-message-author-role=\"assistant\" data-message-id=\"85f6b933-a4f7-42f3-b5bc-e54dd72b83f6\" data-message-model-slug=\"gpt-4o\">\n<div class=\"flex w-full flex-col gap-1 empty:hidden first:pt-[3px]\">\n<div class=\"markdown prose w-full break-words dark:prose-invert light\">\n<p data-start=\"44\" data-end=\"68\"><strong data-start=\"44\" data-end=\"68\">Directeur \u00c9tats-Unis<\/strong><\/p>\n<\/div>\n<\/div>\n<\/div>\n<\/div>\n[\/nectar_responsive_text][nectar_responsive_text font_size_desktop=\u00a0\u00bb42px\u00a0\u00bb font_size_tablet=\u00a0\u00bb35px\u00a0\u00bb font_size_phone=\u00a0\u00bb28px\u00a0\u00bb max_width=\u00a0\u00bb600&Prime; font_line_height=\u00a0\u00bb1.3&Prime;]\n<h3>Marcos Jos\u00e9 Miranda Carvalho<\/h3>\n[\/nectar_responsive_text][divider line_type=\u00a0\u00bbSmall Line\u00a0\u00bb line_alignment=\u00a0\u00bbdefault\u00a0\u00bb line_thickness=\u00a0\u00bb1&Prime; divider_color=\u00a0\u00bbdefault\u00a0\u00bb divider_opacity=\u00a0\u00bb70&Prime; custom_height=\u00a0\u00bb1&Prime; custom_line_width=\u00a0\u00bb600&Prime;][divider line_type=\u00a0\u00bbNo Line\u00a0\u00bb custom_height=\u00a0\u00bb30&Prime; custom_height_tablet=\u00a0\u00bb50&Prime;][vc_column_text max_width=\u00a0\u00bb600&Prime;]<strong>Marcos Jos\u00e9 Miranda Carvalho<\/strong> est un leader reconnu pour sa capacit\u00e9 \u00e0 g\u00e9rer divers portefeuilles de produits et de strat\u00e9gies, et \u00e0 forger des partenariats de collaboration pour stimuler l&rsquo;innovation dans tous les secteurs. C&rsquo;est un individu motiv\u00e9 par les d\u00e9fis et anim\u00e9 par une passion pour le travail d&rsquo;\u00e9quipe, la cr\u00e9ativit\u00e9 et les pratiques durables.<\/p>\n<p>Avec plus de 15 ans d&rsquo;exp\u00e9rience dans le d\u00e9veloppement de produits et d&rsquo;affaires au Br\u00e9sil, en Am\u00e9rique latine et aux \u00c9tats-Unis, Marcos a supervis\u00e9 avec succ\u00e8s des projets agricoles et a contribu\u00e9 de mani\u00e8re significative aux progr\u00e8s du secteur.<\/p>\n<p>Il est titulaire d&rsquo;une licence en ing\u00e9nierie agricole, d&rsquo;un dipl\u00f4me secondaire en gestion des affaires agricoles et d&rsquo;un MBA en affaires durables de l&rsquo;Universit\u00e9 de Bologne, ce qui lui a permis d&rsquo;acqu\u00e9rir une connaissance approfondie des op\u00e9rations agricoles et de l&rsquo;\u00e9volution de la dynamique du march\u00e9 dans le secteur de l&rsquo;agriculture.<\/p>\n<p>Actuellement chez Finapp, Marcos se concentre sur le d\u00e9veloppement de partenariats strat\u00e9giques, l\u2019expansion de la pr\u00e9sence sur le march\u00e9 et l\u2019\u00e9laboration de strat\u00e9gies compl\u00e8tes de produits et d\u2019entr\u00e9e sur le march\u00e9 \u00e0 travers les diff\u00e9rents secteurs verticaux de Finapp aux \u00c9tats-Unis.<\/p>\n<p>.[\/vc_column_text][divider line_type=\u00a0\u00bbNo Line\u00a0\u00bb custom_height=\u00a0\u00bb0&Prime;][nectar_icon icon_family=\u00a0\u00bbfontawesome\u00a0\u00bb icon_style=\u00a0\u00bbborder-animation\u00a0\u00bb icon_border_thickness=\u00a0\u00bb2px\u00a0\u00bb icon_color_type=\u00a0\u00bbcolor_scheme\u00a0\u00bb icon_color=\u00a0\u00bbblack\u00a0\u00bb open_new_tab=\u00a0\u00bbtrue\u00a0\u00bb icon_padding=\u00a0\u00bb5px\u00a0\u00bb pointer_events=\u00a0\u00bball\u00a0\u00bb icon_fontawesome=\u00a0\u00bbfa fa-linkedin\u00a0\u00bb icon_size=\u00a0\u00bb20&Prime; url=\u00a0\u00bbhttps:\/\/www.linkedin.com\/in\/marcosjmcarvalho\/\u00a0\u00bb][\/vc_column][vc_column left_padding_tablet=\u00a0\u00bb0&Prime; column_element_direction_desktop=\u00a0\u00bbdefault\u00a0\u00bb column_element_spacing=\u00a0\u00bbdefault\u00a0\u00bb desktop_text_alignment=\u00a0\u00bbdefault\u00a0\u00bb tablet_text_alignment=\u00a0\u00bbdefault\u00a0\u00bb phone_text_alignment=\u00a0\u00bbdefault\u00a0\u00bb background_color_opacity=\u00a0\u00bb1&Prime; background_hover_color_opacity=\u00a0\u00bb1&Prime; column_backdrop_filter=\u00a0\u00bbnone\u00a0\u00bb column_shadow=\u00a0\u00bbnone\u00a0\u00bb column_border_radius=\u00a0\u00bbnone\u00a0\u00bb column_link_target=\u00a0\u00bb_self\u00a0\u00bb column_position=\u00a0\u00bbdefault\u00a0\u00bb gradient_direction=\u00a0\u00bbleft_to_right\u00a0\u00bb overlay_strength=\u00a0\u00bb0.3&Prime; width=\u00a0\u00bb5\/12&Prime; tablet_width_inherit=\u00a0\u00bbdefault\u00a0\u00bb animation_type=\u00a0\u00bbdefault\u00a0\u00bb bg_image_animation=\u00a0\u00bbnone\u00a0\u00bb border_type=\u00a0\u00bbsimple\u00a0\u00bb column_border_width=\u00a0\u00bbnone\u00a0\u00bb column_border_style=\u00a0\u00bbsolid\u00a0\u00bb column_padding_type=\u00a0\u00bbadvanced\u00a0\u00bb gradient_type=\u00a0\u00bbdefault\u00a0\u00bb][image_with_animation image_url=\u00a0\u00bb13940&Prime; image_size=\u00a0\u00bbfull\u00a0\u00bb animation_type=\u00a0\u00bbentrance\u00a0\u00bb animation=\u00a0\u00bbNone\u00a0\u00bb animation_movement_type=\u00a0\u00bbtransform_y\u00a0\u00bb hover_animation=\u00a0\u00bbnone\u00a0\u00bb alignment=\u00a0\u00bbcenter\u00a0\u00bb border_radius=\u00a0\u00bbnone\u00a0\u00bb box_shadow=\u00a0\u00bbnone\u00a0\u00bb image_loading=\u00a0\u00bbdefault\u00a0\u00bb max_width=\u00a0\u00bb100%\u00a0\u00bb max_width_mobile=\u00a0\u00bbdefault\u00a0\u00bb][\/vc_column][\/vc_row]\n","protected":false},"excerpt":{"rendered":"<p>[vc_row type=\u00a0\u00bbin_container\u00a0\u00bb full_screen_row_position=\u00a0\u00bbmiddle\u00a0\u00bb column_margin=\u00a0\u00bbnone\u00a0\u00bb column_direction=\u00a0\u00bbdefault\u00a0\u00bb column_direction_tablet=\u00a0\u00bbdefault\u00a0\u00bb column_direction_phone=\u00a0\u00bbdefault\u00a0\u00bb scene_position=\u00a0\u00bbcenter\u00a0\u00bb text_color=\u00a0\u00bbdark\u00a0\u00bb text_align=\u00a0\u00bbright\u00a0\u00bb row_border_radius=\u00a0\u00bbnone\u00a0\u00bb row_border_radius_applies=\u00a0\u00bbbg\u00a0\u00bb overflow=\u00a0\u00bbvisible\u00a0\u00bb overlay_strength=\u00a0\u00bb0.3&Prime; gradient_direction=\u00a0\u00bbleft_to_right\u00a0\u00bb&#8230;<\/p>\n","protected":false},"author":5,"featured_media":0,"parent":8820,"menu_order":0,"comment_status":"closed","ping_status":"closed","template":"","meta":{"footnotes":""},"acf":[],"yoast_head":"<!-- This site is optimized with the Yoast SEO plugin v20.13 - https:\/\/yoast.com\/wordpress\/plugins\/seo\/ -->\n<title>Marcos Jos\u00e9 Miranda Carvalho - Finapp<\/title>\n<meta name=\"description\" content=\"Marcos Jos\u00e9 Miranda Carvalho guida le partnership strategiche e la crescita commerciale di Finapp nelle Americhe.\" \/>\n<meta name=\"robots\" content=\"index, follow, max-snippet:-1, max-image-preview:large, max-video-preview:-1\" \/>\n<link rel=\"canonical\" href=\"https:\/\/www.finapptech.com\/fr\/lequipe\/marcos-carvhalho-miranda\/\" \/>\n<meta property=\"og:locale\" content=\"fr_FR\" \/>\n<meta property=\"og:type\" content=\"article\" \/>\n<meta property=\"og:title\" content=\"Marcos Jos\u00e9 Miranda Carvalho - Finapp\" \/>\n<meta property=\"og:description\" content=\"Marcos Jos\u00e9 Miranda Carvalho guida le partnership strategiche e la crescita commerciale di Finapp nelle Americhe.\" \/>\n<meta property=\"og:url\" content=\"https:\/\/www.finapptech.com\/fr\/lequipe\/marcos-carvhalho-miranda\/\" \/>\n<meta property=\"og:site_name\" content=\"Finapp\" \/>\n<meta property=\"article:modified_time\" content=\"2026-02-24T08:52:42+00:00\" \/>\n<meta name=\"twitter:card\" content=\"summary_large_image\" \/>\n<meta name=\"twitter:label1\" content=\"Est. reading time\" \/>\n\t<meta name=\"twitter:data1\" content=\"2 minutes\" \/>\n<script type=\"application\/ld+json\" class=\"yoast-schema-graph\">{\"@context\":\"https:\/\/schema.org\",\"@graph\":[{\"@type\":\"WebPage\",\"@id\":\"https:\/\/www.finapptech.com\/fr\/lequipe\/marcos-carvhalho-miranda\/\",\"url\":\"https:\/\/www.finapptech.com\/fr\/lequipe\/marcos-carvhalho-miranda\/\",\"name\":\"Marcos Jos\u00e9 Miranda Carvalho - Finapp\",\"isPartOf\":{\"@id\":\"http:\/\/www.finapptech.com\/fr\/#website\"},\"datePublished\":\"2024-07-25T07:25:16+00:00\",\"dateModified\":\"2026-02-24T08:52:42+00:00\",\"description\":\"Marcos Jos\u00e9 Miranda Carvalho guida le partnership strategiche e la crescita commerciale di Finapp nelle Americhe.\",\"breadcrumb\":{\"@id\":\"https:\/\/www.finapptech.com\/fr\/lequipe\/marcos-carvhalho-miranda\/#breadcrumb\"},\"inLanguage\":\"fr-FR\",\"potentialAction\":[{\"@type\":\"ReadAction\",\"target\":[\"https:\/\/www.finapptech.com\/fr\/lequipe\/marcos-carvhalho-miranda\/\"]}]},{\"@type\":\"BreadcrumbList\",\"@id\":\"https:\/\/www.finapptech.com\/fr\/lequipe\/marcos-carvhalho-miranda\/#breadcrumb\",\"itemListElement\":[{\"@type\":\"ListItem\",\"position\":1,\"name\":\"Home\",\"item\":\"https:\/\/www.finapptech.com\/fr\/\"},{\"@type\":\"ListItem\",\"position\":2,\"name\":\"L&#8217;\u00e9quipe\",\"item\":\"https:\/\/www.finapptech.com\/fr\/lequipe\/\"},{\"@type\":\"ListItem\",\"position\":3,\"name\":\"Marcos Jos\u00e9 Miranda Carvalho\"}]},{\"@type\":\"WebSite\",\"@id\":\"http:\/\/www.finapptech.com\/fr\/#website\",\"url\":\"http:\/\/www.finapptech.com\/fr\/\",\"name\":\"Finapp\",\"description\":\"Life from cosmos\",\"potentialAction\":[{\"@type\":\"SearchAction\",\"target\":{\"@type\":\"EntryPoint\",\"urlTemplate\":\"http:\/\/www.finapptech.com\/fr\/?s={search_term_string}\"},\"query-input\":\"required name=search_term_string\"}],\"inLanguage\":\"fr-FR\"}]}<\/script>\n<!-- \/ Yoast SEO plugin. -->","yoast_head_json":{"title":"Marcos Jos\u00e9 Miranda Carvalho - Finapp","description":"Marcos Jos\u00e9 Miranda Carvalho guida le partnership strategiche e la crescita commerciale di Finapp nelle Americhe.","robots":{"index":"index","follow":"follow","max-snippet":"max-snippet:-1","max-image-preview":"max-image-preview:large","max-video-preview":"max-video-preview:-1"},"canonical":"https:\/\/www.finapptech.com\/fr\/lequipe\/marcos-carvhalho-miranda\/","og_locale":"fr_FR","og_type":"article","og_title":"Marcos Jos\u00e9 Miranda Carvalho - Finapp","og_description":"Marcos Jos\u00e9 Miranda Carvalho guida le partnership strategiche e la crescita commerciale di Finapp nelle Americhe.","og_url":"https:\/\/www.finapptech.com\/fr\/lequipe\/marcos-carvhalho-miranda\/","og_site_name":"Finapp","article_modified_time":"2026-02-24T08:52:42+00:00","twitter_card":"summary_large_image","twitter_misc":{"Est. reading time":"2 minutes"},"schema":{"@context":"https:\/\/schema.org","@graph":[{"@type":"WebPage","@id":"https:\/\/www.finapptech.com\/fr\/lequipe\/marcos-carvhalho-miranda\/","url":"https:\/\/www.finapptech.com\/fr\/lequipe\/marcos-carvhalho-miranda\/","name":"Marcos Jos\u00e9 Miranda Carvalho - Finapp","isPartOf":{"@id":"http:\/\/www.finapptech.com\/fr\/#website"},"datePublished":"2024-07-25T07:25:16+00:00","dateModified":"2026-02-24T08:52:42+00:00","description":"Marcos Jos\u00e9 Miranda Carvalho guida le partnership strategiche e la crescita commerciale di Finapp nelle Americhe.","breadcrumb":{"@id":"https:\/\/www.finapptech.com\/fr\/lequipe\/marcos-carvhalho-miranda\/#breadcrumb"},"inLanguage":"fr-FR","potentialAction":[{"@type":"ReadAction","target":["https:\/\/www.finapptech.com\/fr\/lequipe\/marcos-carvhalho-miranda\/"]}]},{"@type":"BreadcrumbList","@id":"https:\/\/www.finapptech.com\/fr\/lequipe\/marcos-carvhalho-miranda\/#breadcrumb","itemListElement":[{"@type":"ListItem","position":1,"name":"Home","item":"https:\/\/www.finapptech.com\/fr\/"},{"@type":"ListItem","position":2,"name":"L&#8217;\u00e9quipe","item":"https:\/\/www.finapptech.com\/fr\/lequipe\/"},{"@type":"ListItem","position":3,"name":"Marcos Jos\u00e9 Miranda Carvalho"}]},{"@type":"WebSite","@id":"http:\/\/www.finapptech.com\/fr\/#website","url":"http:\/\/www.finapptech.com\/fr\/","name":"Finapp","description":"Life from cosmos","potentialAction":[{"@type":"SearchAction","target":{"@type":"EntryPoint","urlTemplate":"http:\/\/www.finapptech.com\/fr\/?s={search_term_string}"},"query-input":"required name=search_term_string"}],"inLanguage":"fr-FR"}]}},"_links":{"self":[{"href":"https:\/\/www.finapptech.com\/fr\/wp-json\/wp\/v2\/pages\/9296"}],"collection":[{"href":"https:\/\/www.finapptech.com\/fr\/wp-json\/wp\/v2\/pages"}],"about":[{"href":"https:\/\/www.finapptech.com\/fr\/wp-json\/wp\/v2\/types\/page"}],"author":[{"embeddable":true,"href":"https:\/\/www.finapptech.com\/fr\/wp-json\/wp\/v2\/users\/5"}],"replies":[{"embeddable":true,"href":"https:\/\/www.finapptech.com\/fr\/wp-json\/wp\/v2\/comments?post=9296"}],"version-history":[{"count":10,"href":"https:\/\/www.finapptech.com\/fr\/wp-json\/wp\/v2\/pages\/9296\/revisions"}],"predecessor-version":[{"id":13943,"href":"https:\/\/www.finapptech.com\/fr\/wp-json\/wp\/v2\/pages\/9296\/revisions\/13943"}],"up":[{"embeddable":true,"href":"https:\/\/www.finapptech.com\/fr\/wp-json\/wp\/v2\/pages\/8820"}],"wp:attachment":[{"href":"https:\/\/www.finapptech.com\/fr\/wp-json\/wp\/v2\/media?parent=9296"}],"curies":[{"name":"wp","href":"https:\/\/api.w.org\/{rel}","templated":true}]}}