{"id":8976,"date":"2023-10-24T12:07:06","date_gmt":"2023-10-24T10:07:06","guid":{"rendered":"https:\/\/www.finapptech.com\/autori\/enrica-cuccolo\/"},"modified":"2026-03-17T15:07:23","modified_gmt":"2026-03-17T14:07:23","slug":"enrica-cuccolo","status":"publish","type":"page","link":"https:\/\/www.finapptech.com\/fr\/lequipe\/enrica-cuccolo\/","title":{"rendered":"Enrica Cuccolo"},"content":{"rendered":"[vc_row type=\u00a0\u00bbin_container\u00a0\u00bb full_screen_row_position=\u00a0\u00bbmiddle\u00a0\u00bb column_margin=\u00a0\u00bbnone\u00a0\u00bb column_direction=\u00a0\u00bbdefault\u00a0\u00bb column_direction_tablet=\u00a0\u00bbdefault\u00a0\u00bb column_direction_phone=\u00a0\u00bbdefault\u00a0\u00bb scene_position=\u00a0\u00bbcenter\u00a0\u00bb text_color=\u00a0\u00bbdark\u00a0\u00bb text_align=\u00a0\u00bbright\u00a0\u00bb row_border_radius=\u00a0\u00bbnone\u00a0\u00bb row_border_radius_applies=\u00a0\u00bbbg\u00a0\u00bb overflow=\u00a0\u00bbvisible\u00a0\u00bb overlay_strength=\u00a0\u00bb0.3&Prime; gradient_direction=\u00a0\u00bbleft_to_right\u00a0\u00bb shape_divider_position=\u00a0\u00bbbottom\u00a0\u00bb bg_image_animation=\u00a0\u00bbnone\u00a0\u00bb gradient_type=\u00a0\u00bbdefault\u00a0\u00bb shape_type=\u00a0\u00bb\u00a0\u00bb][vc_column column_padding=\u00a0\u00bbno-extra-padding\u00a0\u00bb column_padding_tablet=\u00a0\u00bbinherit\u00a0\u00bb column_padding_phone=\u00a0\u00bbinherit\u00a0\u00bb column_padding_position=\u00a0\u00bball\u00a0\u00bb column_element_direction_desktop=\u00a0\u00bbdefault\u00a0\u00bb column_element_spacing=\u00a0\u00bbdefault\u00a0\u00bb desktop_text_alignment=\u00a0\u00bbdefault\u00a0\u00bb tablet_text_alignment=\u00a0\u00bbdefault\u00a0\u00bb phone_text_alignment=\u00a0\u00bbdefault\u00a0\u00bb background_color_opacity=\u00a0\u00bb1&Prime; background_hover_color_opacity=\u00a0\u00bb1&Prime; column_backdrop_filter=\u00a0\u00bbnone\u00a0\u00bb column_shadow=\u00a0\u00bbnone\u00a0\u00bb column_border_radius=\u00a0\u00bbnone\u00a0\u00bb column_link_target=\u00a0\u00bb_self\u00a0\u00bb column_position=\u00a0\u00bbdefault\u00a0\u00bb gradient_direction=\u00a0\u00bbleft_to_right\u00a0\u00bb overlay_strength=\u00a0\u00bb0.3&Prime; width=\u00a0\u00bb1\/1&Prime; tablet_width_inherit=\u00a0\u00bbdefault\u00a0\u00bb animation_type=\u00a0\u00bbdefault\u00a0\u00bb bg_image_animation=\u00a0\u00bbnone\u00a0\u00bb border_type=\u00a0\u00bbsimple\u00a0\u00bb column_border_width=\u00a0\u00bbnone\u00a0\u00bb column_border_style=\u00a0\u00bbsolid\u00a0\u00bb][vc_raw_html]JTVCd3BzZW9fYnJlYWRjcnVtYiU1RCUwQQ==[\/vc_raw_html][\/vc_column][\/vc_row][vc_row type=\u00a0\u00bbfull_width_content\u00a0\u00bb full_screen_row_position=\u00a0\u00bbmiddle\u00a0\u00bb column_margin=\u00a0\u00bbdefault\u00a0\u00bb equal_height=\u00a0\u00bbyes\u00a0\u00bb content_placement=\u00a0\u00bbtop\u00a0\u00bb column_direction=\u00a0\u00bbdefault\u00a0\u00bb column_direction_tablet=\u00a0\u00bbdefault\u00a0\u00bb column_direction_phone=\u00a0\u00bbdefault\u00a0\u00bb scene_position=\u00a0\u00bbcenter\u00a0\u00bb top_padding=\u00a0\u00bb40&Prime; bottom_padding=\u00a0\u00bb0&Prime; top_padding_tablet=\u00a0\u00bb40&Prime; text_color=\u00a0\u00bbdark\u00a0\u00bb text_align=\u00a0\u00bbleft\u00a0\u00bb row_border_radius=\u00a0\u00bbnone\u00a0\u00bb row_border_radius_applies=\u00a0\u00bbbg\u00a0\u00bb overflow=\u00a0\u00bbvisible\u00a0\u00bb class=\u00a0\u00bbrow__autgrid\u00a0\u00bb overlay_strength=\u00a0\u00bb0.3&Prime; gradient_direction=\u00a0\u00bbleft_to_right\u00a0\u00bb shape_divider_position=\u00a0\u00bbbottom\u00a0\u00bb bg_image_animation=\u00a0\u00bbnone\u00a0\u00bb gradient_type=\u00a0\u00bbdefault\u00a0\u00bb shape_type=\u00a0\u00bb\u00a0\u00bb][vc_column left_padding_desktop=\u00a0\u00bb85&Prime; right_padding_desktop=\u00a0\u00bb40&Prime; left_padding_tablet=\u00a0\u00bb40&Prime; column_element_direction_desktop=\u00a0\u00bbdefault\u00a0\u00bb column_element_spacing=\u00a0\u00bbdefault\u00a0\u00bb desktop_text_alignment=\u00a0\u00bbdefault\u00a0\u00bb tablet_text_alignment=\u00a0\u00bbdefault\u00a0\u00bb phone_text_alignment=\u00a0\u00bbdefault\u00a0\u00bb background_color_opacity=\u00a0\u00bb1&Prime; background_hover_color_opacity=\u00a0\u00bb1&Prime; column_backdrop_filter=\u00a0\u00bbnone\u00a0\u00bb column_shadow=\u00a0\u00bbnone\u00a0\u00bb column_border_radius=\u00a0\u00bbnone\u00a0\u00bb column_link_target=\u00a0\u00bb_self\u00a0\u00bb column_position=\u00a0\u00bbdefault\u00a0\u00bb el_class=\u00a0\u00bbcol__ac\u00a0\u00bb gradient_direction=\u00a0\u00bbleft_to_right\u00a0\u00bb overlay_strength=\u00a0\u00bb0.3&Prime; width=\u00a0\u00bb7\/12&Prime; tablet_width_inherit=\u00a0\u00bbdefault\u00a0\u00bb animation_type=\u00a0\u00bbdefault\u00a0\u00bb bg_image_animation=\u00a0\u00bbnone\u00a0\u00bb border_type=\u00a0\u00bbsimple\u00a0\u00bb column_border_width=\u00a0\u00bbnone\u00a0\u00bb column_border_style=\u00a0\u00bbsolid\u00a0\u00bb column_padding_type=\u00a0\u00bbadvanced\u00a0\u00bb gradient_type=\u00a0\u00bbdefault\u00a0\u00bb][nectar_responsive_text font_size_desktop=\u00a0\u00bb18px\u00a0\u00bb]<strong>Consultante juridique et r\u00e9glementaire<\/strong>[\/nectar_responsive_text][nectar_responsive_text font_size_desktop=\u00a0\u00bb42px\u00a0\u00bb font_size_tablet=\u00a0\u00bb35px\u00a0\u00bb font_size_phone=\u00a0\u00bb28px\u00a0\u00bb max_width=\u00a0\u00bb600&Prime; font_line_height=\u00a0\u00bb1.3&Prime;]\n<h3><b>Enrica Cuccolo<\/b><\/h3>\n[\/nectar_responsive_text][divider line_type=\u00a0\u00bbSmall Line\u00a0\u00bb line_alignment=\u00a0\u00bbdefault\u00a0\u00bb line_thickness=\u00a0\u00bb1&Prime; divider_color=\u00a0\u00bbdefault\u00a0\u00bb divider_opacity=\u00a0\u00bb70&Prime; custom_height=\u00a0\u00bb1&Prime; custom_line_width=\u00a0\u00bb600&Prime;][divider line_type=\u00a0\u00bbNo Line\u00a0\u00bb custom_height=\u00a0\u00bb30&Prime; custom_height_tablet=\u00a0\u00bb50&Prime;][vc_column_text max_width=\u00a0\u00bb600&Prime;]<strong>Enrica<\/strong> <strong>Cuccolo<\/strong> est avocate inscrite au Barreau de Padoue. Elle est dipl\u00f4m\u00e9e en droit de l\u2019Universit\u00e9 de Padoue et collabore avec la soci\u00e9t\u00e9 en apportant son soutien dans l\u2019analyse et la gestion des questions juridiques, avec une attention particuli\u00e8re aux aspects contractuels et r\u00e9glementaires.[\/vc_column_text][divider line_type=\u00a0\u00bbNo Line\u00a0\u00bb custom_height=\u00a0\u00bb0&Prime;][\/vc_column][vc_column left_padding_tablet=\u00a0\u00bb0&Prime; column_element_direction_desktop=\u00a0\u00bbdefault\u00a0\u00bb column_element_spacing=\u00a0\u00bbdefault\u00a0\u00bb desktop_text_alignment=\u00a0\u00bbdefault\u00a0\u00bb tablet_text_alignment=\u00a0\u00bbdefault\u00a0\u00bb phone_text_alignment=\u00a0\u00bbdefault\u00a0\u00bb background_color_opacity=\u00a0\u00bb1&Prime; background_hover_color_opacity=\u00a0\u00bb1&Prime; column_backdrop_filter=\u00a0\u00bbnone\u00a0\u00bb column_shadow=\u00a0\u00bbnone\u00a0\u00bb column_border_radius=\u00a0\u00bbnone\u00a0\u00bb column_link_target=\u00a0\u00bb_self\u00a0\u00bb column_position=\u00a0\u00bbdefault\u00a0\u00bb gradient_direction=\u00a0\u00bbleft_to_right\u00a0\u00bb overlay_strength=\u00a0\u00bb0.3&Prime; width=\u00a0\u00bb5\/12&Prime; tablet_width_inherit=\u00a0\u00bbdefault\u00a0\u00bb animation_type=\u00a0\u00bbdefault\u00a0\u00bb bg_image_animation=\u00a0\u00bbnone\u00a0\u00bb border_type=\u00a0\u00bbsimple\u00a0\u00bb column_border_width=\u00a0\u00bbnone\u00a0\u00bb column_border_style=\u00a0\u00bbsolid\u00a0\u00bb column_padding_type=\u00a0\u00bbadvanced\u00a0\u00bb gradient_type=\u00a0\u00bbdefault\u00a0\u00bb][image_with_animation image_url=\u00a0\u00bb13946&Prime; image_size=\u00a0\u00bbfull\u00a0\u00bb animation_type=\u00a0\u00bbentrance\u00a0\u00bb animation=\u00a0\u00bbNone\u00a0\u00bb animation_movement_type=\u00a0\u00bbtransform_y\u00a0\u00bb hover_animation=\u00a0\u00bbnone\u00a0\u00bb alignment=\u00a0\u00bbcenter\u00a0\u00bb border_radius=\u00a0\u00bbnone\u00a0\u00bb box_shadow=\u00a0\u00bbnone\u00a0\u00bb image_loading=\u00a0\u00bbdefault\u00a0\u00bb max_width=\u00a0\u00bb100%\u00a0\u00bb max_width_mobile=\u00a0\u00bbdefault\u00a0\u00bb][\/vc_column][\/vc_row]\n","protected":false},"excerpt":{"rendered":"<p>[vc_row type=\u00a0\u00bbin_container\u00a0\u00bb full_screen_row_position=\u00a0\u00bbmiddle\u00a0\u00bb column_margin=\u00a0\u00bbnone\u00a0\u00bb column_direction=\u00a0\u00bbdefault\u00a0\u00bb column_direction_tablet=\u00a0\u00bbdefault\u00a0\u00bb column_direction_phone=\u00a0\u00bbdefault\u00a0\u00bb scene_position=\u00a0\u00bbcenter\u00a0\u00bb text_color=\u00a0\u00bbdark\u00a0\u00bb text_align=\u00a0\u00bbright\u00a0\u00bb row_border_radius=\u00a0\u00bbnone\u00a0\u00bb row_border_radius_applies=\u00a0\u00bbbg\u00a0\u00bb overflow=\u00a0\u00bbvisible\u00a0\u00bb overlay_strength=\u00a0\u00bb0.3&Prime; gradient_direction=\u00a0\u00bbleft_to_right\u00a0\u00bb&#8230;<\/p>\n","protected":false},"author":2,"featured_media":0,"parent":8820,"menu_order":0,"comment_status":"closed","ping_status":"closed","template":"","meta":{"footnotes":""},"acf":[],"yoast_head":"<!-- This site is optimized with the Yoast SEO plugin v20.13 - https:\/\/yoast.com\/wordpress\/plugins\/seo\/ -->\n<title>Enrica Cuccolo - Finapp<\/title>\n<meta name=\"description\" content=\"Enrica Cuccolo, sp\u00e9cialiste en finance d\u2019entreprise et administration chez Finapp depuis 2021, avec une formation en comptabilit\u00e9 et droit.\" \/>\n<meta name=\"robots\" content=\"index, follow, max-snippet:-1, max-image-preview:large, max-video-preview:-1\" \/>\n<link rel=\"canonical\" href=\"https:\/\/www.finapptech.com\/fr\/lequipe\/enrica-cuccolo\/\" \/>\n<meta property=\"og:locale\" content=\"fr_FR\" \/>\n<meta property=\"og:type\" content=\"article\" \/>\n<meta property=\"og:title\" content=\"Enrica Cuccolo - Finapp\" \/>\n<meta property=\"og:description\" content=\"Enrica Cuccolo, sp\u00e9cialiste en finance d\u2019entreprise et administration chez Finapp depuis 2021, avec une formation en comptabilit\u00e9 et droit.\" \/>\n<meta property=\"og:url\" content=\"https:\/\/www.finapptech.com\/fr\/lequipe\/enrica-cuccolo\/\" \/>\n<meta property=\"og:site_name\" content=\"Finapp\" \/>\n<meta property=\"article:modified_time\" content=\"2026-03-17T14:07:23+00:00\" \/>\n<meta name=\"twitter:card\" content=\"summary_large_image\" \/>\n<meta name=\"twitter:label1\" content=\"Est. reading time\" \/>\n\t<meta name=\"twitter:data1\" content=\"1 minute\" \/>\n<script type=\"application\/ld+json\" class=\"yoast-schema-graph\">{\"@context\":\"https:\/\/schema.org\",\"@graph\":[{\"@type\":\"WebPage\",\"@id\":\"https:\/\/www.finapptech.com\/fr\/lequipe\/enrica-cuccolo\/\",\"url\":\"https:\/\/www.finapptech.com\/fr\/lequipe\/enrica-cuccolo\/\",\"name\":\"Enrica Cuccolo - Finapp\",\"isPartOf\":{\"@id\":\"http:\/\/www.finapptech.com\/fr\/#website\"},\"datePublished\":\"2023-10-24T10:07:06+00:00\",\"dateModified\":\"2026-03-17T14:07:23+00:00\",\"description\":\"Enrica Cuccolo, sp\u00e9cialiste en finance d\u2019entreprise et administration chez Finapp depuis 2021, avec une formation en comptabilit\u00e9 et droit.\",\"breadcrumb\":{\"@id\":\"https:\/\/www.finapptech.com\/fr\/lequipe\/enrica-cuccolo\/#breadcrumb\"},\"inLanguage\":\"fr-FR\",\"potentialAction\":[{\"@type\":\"ReadAction\",\"target\":[\"https:\/\/www.finapptech.com\/fr\/lequipe\/enrica-cuccolo\/\"]}]},{\"@type\":\"BreadcrumbList\",\"@id\":\"https:\/\/www.finapptech.com\/fr\/lequipe\/enrica-cuccolo\/#breadcrumb\",\"itemListElement\":[{\"@type\":\"ListItem\",\"position\":1,\"name\":\"Home\",\"item\":\"https:\/\/www.finapptech.com\/fr\/\"},{\"@type\":\"ListItem\",\"position\":2,\"name\":\"L&#8217;\u00e9quipe\",\"item\":\"https:\/\/www.finapptech.com\/fr\/lequipe\/\"},{\"@type\":\"ListItem\",\"position\":3,\"name\":\"Enrica Cuccolo\"}]},{\"@type\":\"WebSite\",\"@id\":\"http:\/\/www.finapptech.com\/fr\/#website\",\"url\":\"http:\/\/www.finapptech.com\/fr\/\",\"name\":\"Finapp\",\"description\":\"Life from cosmos\",\"potentialAction\":[{\"@type\":\"SearchAction\",\"target\":{\"@type\":\"EntryPoint\",\"urlTemplate\":\"http:\/\/www.finapptech.com\/fr\/?s={search_term_string}\"},\"query-input\":\"required name=search_term_string\"}],\"inLanguage\":\"fr-FR\"}]}<\/script>\n<!-- \/ Yoast SEO plugin. -->","yoast_head_json":{"title":"Enrica Cuccolo - Finapp","description":"Enrica Cuccolo, sp\u00e9cialiste en finance d\u2019entreprise et administration chez Finapp depuis 2021, avec une formation en comptabilit\u00e9 et droit.","robots":{"index":"index","follow":"follow","max-snippet":"max-snippet:-1","max-image-preview":"max-image-preview:large","max-video-preview":"max-video-preview:-1"},"canonical":"https:\/\/www.finapptech.com\/fr\/lequipe\/enrica-cuccolo\/","og_locale":"fr_FR","og_type":"article","og_title":"Enrica Cuccolo - Finapp","og_description":"Enrica Cuccolo, sp\u00e9cialiste en finance d\u2019entreprise et administration chez Finapp depuis 2021, avec une formation en comptabilit\u00e9 et droit.","og_url":"https:\/\/www.finapptech.com\/fr\/lequipe\/enrica-cuccolo\/","og_site_name":"Finapp","article_modified_time":"2026-03-17T14:07:23+00:00","twitter_card":"summary_large_image","twitter_misc":{"Est. reading time":"1 minute"},"schema":{"@context":"https:\/\/schema.org","@graph":[{"@type":"WebPage","@id":"https:\/\/www.finapptech.com\/fr\/lequipe\/enrica-cuccolo\/","url":"https:\/\/www.finapptech.com\/fr\/lequipe\/enrica-cuccolo\/","name":"Enrica Cuccolo - Finapp","isPartOf":{"@id":"http:\/\/www.finapptech.com\/fr\/#website"},"datePublished":"2023-10-24T10:07:06+00:00","dateModified":"2026-03-17T14:07:23+00:00","description":"Enrica Cuccolo, sp\u00e9cialiste en finance d\u2019entreprise et administration chez Finapp depuis 2021, avec une formation en comptabilit\u00e9 et droit.","breadcrumb":{"@id":"https:\/\/www.finapptech.com\/fr\/lequipe\/enrica-cuccolo\/#breadcrumb"},"inLanguage":"fr-FR","potentialAction":[{"@type":"ReadAction","target":["https:\/\/www.finapptech.com\/fr\/lequipe\/enrica-cuccolo\/"]}]},{"@type":"BreadcrumbList","@id":"https:\/\/www.finapptech.com\/fr\/lequipe\/enrica-cuccolo\/#breadcrumb","itemListElement":[{"@type":"ListItem","position":1,"name":"Home","item":"https:\/\/www.finapptech.com\/fr\/"},{"@type":"ListItem","position":2,"name":"L&#8217;\u00e9quipe","item":"https:\/\/www.finapptech.com\/fr\/lequipe\/"},{"@type":"ListItem","position":3,"name":"Enrica Cuccolo"}]},{"@type":"WebSite","@id":"http:\/\/www.finapptech.com\/fr\/#website","url":"http:\/\/www.finapptech.com\/fr\/","name":"Finapp","description":"Life from cosmos","potentialAction":[{"@type":"SearchAction","target":{"@type":"EntryPoint","urlTemplate":"http:\/\/www.finapptech.com\/fr\/?s={search_term_string}"},"query-input":"required name=search_term_string"}],"inLanguage":"fr-FR"}]}},"_links":{"self":[{"href":"https:\/\/www.finapptech.com\/fr\/wp-json\/wp\/v2\/pages\/8976"}],"collection":[{"href":"https:\/\/www.finapptech.com\/fr\/wp-json\/wp\/v2\/pages"}],"about":[{"href":"https:\/\/www.finapptech.com\/fr\/wp-json\/wp\/v2\/types\/page"}],"author":[{"embeddable":true,"href":"https:\/\/www.finapptech.com\/fr\/wp-json\/wp\/v2\/users\/2"}],"replies":[{"embeddable":true,"href":"https:\/\/www.finapptech.com\/fr\/wp-json\/wp\/v2\/comments?post=8976"}],"version-history":[{"count":5,"href":"https:\/\/www.finapptech.com\/fr\/wp-json\/wp\/v2\/pages\/8976\/revisions"}],"predecessor-version":[{"id":14348,"href":"https:\/\/www.finapptech.com\/fr\/wp-json\/wp\/v2\/pages\/8976\/revisions\/14348"}],"up":[{"embeddable":true,"href":"https:\/\/www.finapptech.com\/fr\/wp-json\/wp\/v2\/pages\/8820"}],"wp:attachment":[{"href":"https:\/\/www.finapptech.com\/fr\/wp-json\/wp\/v2\/media?parent=8976"}],"curies":[{"name":"wp","href":"https:\/\/api.w.org\/{rel}","templated":true}]}}