{"id":14066,"date":"2026-02-26T11:15:51","date_gmt":"2026-02-26T10:15:51","guid":{"rendered":"https:\/\/www.finapptech.com\/?page_id=14066"},"modified":"2026-02-26T11:15:51","modified_gmt":"2026-02-26T10:15:51","slug":"icv-informations-relatives-au-traitement-des-donnees-personnelles","status":"publish","type":"page","link":"https:\/\/www.finapptech.com\/fr\/icv-informations-relatives-au-traitement-des-donnees-personnelles\/","title":{"rendered":"ICV Informations relatives au traitement des donn\u00e9es personnelles"},"content":{"rendered":"[vc_row type=\u00a0\u00bbin_container\u00a0\u00bb full_screen_row_position=\u00a0\u00bbmiddle\u00a0\u00bb column_margin=\u00a0\u00bbdefault\u00a0\u00bb column_direction=\u00a0\u00bbdefault\u00a0\u00bb column_direction_tablet=\u00a0\u00bbdefault\u00a0\u00bb column_direction_phone=\u00a0\u00bbdefault\u00a0\u00bb scene_position=\u00a0\u00bbcenter\u00a0\u00bb text_color=\u00a0\u00bbdark\u00a0\u00bb text_align=\u00a0\u00bbleft\u00a0\u00bb row_border_radius=\u00a0\u00bbnone\u00a0\u00bb row_border_radius_applies=\u00a0\u00bbbg\u00a0\u00bb overflow=\u00a0\u00bbvisible\u00a0\u00bb overlay_strength=\u00a0\u00bb0.3&Prime; gradient_direction=\u00a0\u00bbleft_to_right\u00a0\u00bb shape_divider_position=\u00a0\u00bbbottom\u00a0\u00bb bg_image_animation=\u00a0\u00bbnone\u00a0\u00bb][vc_column column_padding=\u00a0\u00bbno-extra-padding\u00a0\u00bb column_padding_tablet=\u00a0\u00bbinherit\u00a0\u00bb column_padding_phone=\u00a0\u00bbinherit\u00a0\u00bb column_padding_position=\u00a0\u00bball\u00a0\u00bb column_element_direction_desktop=\u00a0\u00bbdefault\u00a0\u00bb column_element_spacing=\u00a0\u00bbdefault\u00a0\u00bb desktop_text_alignment=\u00a0\u00bbdefault\u00a0\u00bb tablet_text_alignment=\u00a0\u00bbdefault\u00a0\u00bb phone_text_alignment=\u00a0\u00bbdefault\u00a0\u00bb background_color_opacity=\u00a0\u00bb1&Prime; background_hover_color_opacity=\u00a0\u00bb1&Prime; column_backdrop_filter=\u00a0\u00bbnone\u00a0\u00bb column_shadow=\u00a0\u00bbnone\u00a0\u00bb column_border_radius=\u00a0\u00bbnone\u00a0\u00bb column_link_target=\u00a0\u00bb_self\u00a0\u00bb column_position=\u00a0\u00bbdefault\u00a0\u00bb gradient_direction=\u00a0\u00bbleft_to_right\u00a0\u00bb overlay_strength=\u00a0\u00bb0.3&Prime; width=\u00a0\u00bb1\/1&Prime; tablet_width_inherit=\u00a0\u00bbdefault\u00a0\u00bb animation_type=\u00a0\u00bbdefault\u00a0\u00bb bg_image_animation=\u00a0\u00bbnone\u00a0\u00bb border_type=\u00a0\u00bbsimple\u00a0\u00bb column_border_width=\u00a0\u00bbnone\u00a0\u00bb column_border_style=\u00a0\u00bbsolid\u00a0\u00bb][nectar_responsive_text]\n<div class=\"privacy-policy-fr\">\n<p>Mod. : ICV \u2013 Date de mise \u00e0 jour 02\/2026<\/p>\n<h2>Information sur le traitement des donn\u00e9es personnelles<\/h2>\n<p>Articles 13 et 14 R\u00c8GLEMENT EUROP\u00c9EN N\u00b0 679\/2016<br \/>\nD\u00e9cret l\u00e9gislatif 196\/2003 tel que modifi\u00e9 par le D\u00e9cret l\u00e9gislatif 101\/2018<\/p>\n<h3>1. Responsable du traitement<\/h3>\n<p>Le Responsable du traitement est Finapp SpA, dont le si\u00e8ge est situ\u00e9 Via del Commercio, 27 \u2013 35036 Montegrotto Terme (PD), C.F. et P.I.V.A. 04600140232 (ci-apr\u00e8s \u00ab Responsable \u00bb).<\/p>\n<h3>Information pour les candidats \u00ab rejoignez-nous \u00bb<\/h3>\n<p>La pr\u00e9sente notice est fournie \u00e0 ceux qui, suite \u00e0 une recherche de personnel ou une candidature spontan\u00e9e ou en r\u00e9ponse \u00e0 l&rsquo;une de nos offres d&#8217;emploi ou lors d&rsquo;un entretien d&#8217;embauche, envoient leur curriculum vitae au Responsable du traitement via son site internet. Pour toute autre information sur le traitement des donn\u00e9es personnelles lors de la navigation, il est sugg\u00e9r\u00e9 de lire la politique de confidentialit\u00e9 pr\u00e9sente sur le site.<\/p>\n<h3>2. Cat\u00e9gorie de Donn\u00e9es personnelles faisant l&rsquo;objet du traitement<\/h3>\n<p>Donn\u00e9es fournies volontairement par l&rsquo;utilisateur, notamment :<\/p>\n<ul>\n<li>Donn\u00e9es personnelles communes (telles que les donn\u00e9es d&rsquo;\u00e9tat civil ; les coordonn\u00e9es ; les donn\u00e9es relatives \u00e0 la formation et \u00e0 l&rsquo;exp\u00e9rience professionnelle ; d&rsquo;autres donn\u00e9es typiquement contenues dans les curriculum vitae)<\/li>\n<li>Uniquement de mani\u00e8re exceptionnelle, des donn\u00e9es particuli\u00e8res (art. 9 du RGPD)<\/li>\n<li>Uniquement de mani\u00e8re exceptionnelle, des donn\u00e9es p\u00e9nales (art. 10 du RGPD)<\/li>\n<\/ul>\n<p>Les donn\u00e9es collect\u00e9es par le Responsable par l&rsquo;envoi de curriculum vitae, d&rsquo;entretiens d&rsquo;\u00e9valuation du profil professionnel ou de signalement par des tiers tels que nom, pr\u00e9nom, lieu et date de naissance, code fiscal, num\u00e9ro de t\u00e9l\u00e9phone, adresse postale, dipl\u00f4me et autres \u00e9l\u00e9ments d&rsquo;identification personnelle, envoy\u00e9s en relation avec d&rsquo;\u00e9ventuels postes ouverts ou pour une candidature spontan\u00e9e, entrent dans la cat\u00e9gorie des \u00ab donn\u00e9es personnelles \u00bb au sens de l&rsquo;article 4, paragraphes 1 et 15 du RGPD et feront l&rsquo;objet d&rsquo;un traitement exclusivement dans le but d&rsquo;effectuer une \u00e9valuation des aptitudes et capacit\u00e9s professionnelles des candidats eux-m\u00eames, en fonction du poste ouvert pour lequel une proc\u00e9dure de s\u00e9lection est en cours ou pour de futurs besoins d&rsquo;expansion des effectifs de l&rsquo;entreprise.<\/p>\n<p>\u00c0 l&rsquo;exception des postes de travail r\u00e9serv\u00e9s aux cat\u00e9gories prot\u00e9g\u00e9es, il ne sera pas n\u00e9cessaire d&rsquo;ins\u00e9rer dans le curriculum vitae des donn\u00e9es particuli\u00e8res (c&rsquo;est-\u00e0-dire des donn\u00e9es r\u00e9v\u00e9lant l&rsquo;origine raciale et ethnique, les convictions religieuses, philosophiques ou autres, les opinions politiques, l&rsquo;adh\u00e9sion \u00e0 des partis, syndicats, associations \u00e0 caract\u00e8re religieux, philosophique, politique ou syndical, ainsi que des donn\u00e9es aptes \u00e0 r\u00e9v\u00e9ler l&rsquo;\u00e9tat de sant\u00e9 et la vie sexuelle).<\/p>\n<h3>3. Finalit\u00e9 du traitement et base juridique du traitement<\/h3>\n<p>Les donn\u00e9es personnelles de ceux qui, spontan\u00e9ment ou suite \u00e0 une recherche de personnel, envoient leur curriculum vitae sont trait\u00e9es, selon les modalit\u00e9s et les formes prescrites par le RGPD :<\/p>\n<ul>\n<li>\u00e0 des fins de recrutement et de s\u00e9lection du personnel ou pour proposer d&rsquo;autres offres d&#8217;emploi coh\u00e9rentes avec le profil professionnel du candidat (base juridique : obligations pr\u00e9contractuelles) ;<\/li>\n<li>pour l&rsquo;ex\u00e9cution d&rsquo;obligations sp\u00e9cifiques ou pour accomplir des t\u00e2ches sp\u00e9cifiques pr\u00e9vues par les lois, r\u00e8glements ou par la r\u00e9glementation communautaire (base juridique : obligation l\u00e9gale).<\/li>\n<\/ul>\n<p>La collecte et le traitement des Donn\u00e9es sont effectu\u00e9s afin de permettre au Responsable de mener les activit\u00e9s de recherche, de s\u00e9lection et d&rsquo;\u00e9valuation du personnel. Le traitement mis en \u0153uvre \u00e0 cette fin ne n\u00e9cessite pas le consentement de l&rsquo;int\u00e9ress\u00e9, car il est n\u00e9cessaire \u00e0 l&rsquo;ex\u00e9cution de mesures pr\u00e9contractuelles adopt\u00e9es \u00e0 la demande de l&rsquo;int\u00e9ress\u00e9 lui-m\u00eame (art. 6, paragraphe 1, let. B du RGPD), \u00e0 l&rsquo;exception du traitement de cat\u00e9gories particuli\u00e8res de donn\u00e9es personnelles qui, si elles sont fournies, ne pourront \u00eatre trait\u00e9es par le Responsable qu&rsquo;avec un consentement explicite pr\u00e9alable. Les Donn\u00e9es seront trait\u00e9es par du personnel autoris\u00e9 au sens de l&rsquo;article 29 du RGPD. Le traitement des Donn\u00e9es \u00e0 ces fins aura lieu par des moyens informatiques et manuels, sur la base de crit\u00e8res logiques compatibles et fonctionnels aux finalit\u00e9s pour lesquelles les Donn\u00e9es ont \u00e9t\u00e9 collect\u00e9es, dans le respect des r\u00e8gles de confidentialit\u00e9 et de s\u00e9curit\u00e9 pr\u00e9vues par la loi et les r\u00e8glements internes de l&rsquo;entreprise.<\/p>\n<h3>4. Caract\u00e8re obligatoire de la fourniture<\/h3>\n<p>La fourniture des donn\u00e9es personnelles pour les finalit\u00e9s indiqu\u00e9es est facultative et volontaire. Elle est n\u00e9cessaire pour finaliser la fonctionnalit\u00e9 sp\u00e9cifique pr\u00e9sente sur le site afin d&rsquo;envoyer correctement sa candidature en vue de participer \u00e0 d&rsquo;\u00e9ventuels processus de s\u00e9lection du personnel. Pour envoyer correctement sa candidature, le candidat doit donner son consentement au traitement, \u00e0 d\u00e9faut de quoi le candidat ne pourra pas envoyer ses donn\u00e9es \u00e0 des fins de s\u00e9lection du personnel. En tout \u00e9tat de cause, m\u00eame si l&rsquo;int\u00e9ress\u00e9 a donn\u00e9 son consentement pour autoriser le Responsable \u00e0 poursuivre toutes les finalit\u00e9s mentionn\u00e9es aux points ci-dessus, il restera libre \u00e0 tout moment de le r\u00e9voquer. Il est sp\u00e9cifiquement et s\u00e9par\u00e9ment inform\u00e9, comme requis par l&rsquo;art. 21 du R\u00e8glement, que l&rsquo;int\u00e9ress\u00e9 a le droit de s&rsquo;opposer \u00e0 tout moment au traitement des donn\u00e9es personnelles le concernant effectu\u00e9 pour les finalit\u00e9s susmentionn\u00e9es et que, si l&rsquo;int\u00e9ress\u00e9 s&rsquo;oppose au traitement, les donn\u00e9es personnelles ne pourront plus faire l&rsquo;objet d&rsquo;un traitement \u00e0 ces fins.<\/p>\n<h3>5. Destinataires des donn\u00e9es personnelles<\/h3>\n<p>Les donn\u00e9es personnelles trait\u00e9es ne feront pas l&rsquo;objet d&rsquo;une diffusion mais d&rsquo;une communication \u00e0 des sujets bien d\u00e9finis, tels que le personnel du Responsable sp\u00e9cifiquement autoris\u00e9 au traitement des donn\u00e9es. Sur la base des r\u00f4les et des fonctions professionnelles exerc\u00e9es, le personnel est l\u00e9gitim\u00e9 \u00e0 traiter les donn\u00e9es dans les limites de ses comp\u00e9tences et conform\u00e9ment aux instructions donn\u00e9es par le Responsable. Les m\u00eames donn\u00e9es pourront \u00eatre communiqu\u00e9es \u00e0 des sujets l\u00e9gitim\u00e9s \u00e0 y acc\u00e9der sur la base de dispositions l\u00e9gales, de r\u00e8glements et de normes. Plus pr\u00e9cis\u00e9ment, les donn\u00e9es peuvent \u00eatre utilis\u00e9es par des sujets et\/ou des entreprises tierces qui exercent des activit\u00e9s instrumentales pour le compte du Responsable telles que :<\/p>\n<ul>\n<li>consultants externes pour le recrutement, la s\u00e9lection et l&rsquo;\u00e9valuation du personnel ;<\/li>\n<li>sujets pour lesquels l&rsquo;acc\u00e8s aux donn\u00e9es est express\u00e9ment reconnu par la loi, par des r\u00e8glements ou par des mesures \u00e9manant des autorit\u00e9s comp\u00e9tentes ;<\/li>\n<\/ul>\n<p>Les destinataires susmentionn\u00e9s, selon le cas, traiteront les donn\u00e9es en qualit\u00e9 de responsables, sous-traitants ou pr\u00e9pos\u00e9s\/autoris\u00e9s au traitement. En dehors des cas indiqu\u00e9s ci-dessus, les donn\u00e9es ne seront diffus\u00e9es d&rsquo;aucune mani\u00e8re.<\/p>\n<h3>6. Modalit\u00e9s de conservation des donn\u00e9es<\/h3>\n<p>Le traitement des donn\u00e9es s&rsquo;effectue au moyen d&rsquo;outils manuels, \u00e9lectroniques et informatiques selon des modalit\u00e9s \u00e9troitement li\u00e9es aux finalit\u00e9s pour lesquelles les donn\u00e9es sont trait\u00e9es et, en tout \u00e9tat de cause, dans le respect des dispositions de l&rsquo;art. 32 du RGPD en mati\u00e8re de mesures de s\u00e9curit\u00e9.<\/p>\n<h3>7. Dur\u00e9e de conservation des donn\u00e9es<\/h3>\n<p>Les donn\u00e9es personnelles sont conserv\u00e9es pendant la p\u00e9riode n\u00e9cessaire \u00e0 la r\u00e9alisation des finalit\u00e9s sp\u00e9cifiques pour lesquelles elles sont trait\u00e9es et, en tout cas, pour une p\u00e9riode n&rsquo;exc\u00e9dant pas 6 mois \u00e0 compter de la r\u00e9ception du curriculum vitae, apr\u00e8s quoi elles seront automatiquement supprim\u00e9es et aucune copie ne sera conserv\u00e9e. Sont exclus des d\u00e9lais pr\u00e9vus ci-dessus les cas o\u00f9 il s&rsquo;av\u00e8re n\u00e9cessaire de conserver les donn\u00e9es pendant une p\u00e9riode de temps suppl\u00e9mentaire pour d\u00e9fendre ou faire valoir un droit ou pour satisfaire \u00e0 d&rsquo;\u00e9ventuelles obligations l\u00e9gales ou ordres des Autorit\u00e9s.<\/p>\n<h3>8. Transfert des donn\u00e9es personnelles<\/h3>\n<p>Le Responsable ne transf\u00e8re pas de donn\u00e9es personnelles vers des pays tiers ou des organisations internationales.<\/p>\n<h3>9. Droits de l&rsquo;int\u00e9ress\u00e9<\/h3>\n<p>Chaque Personne Concern\u00e9e a le droit d&rsquo;acc\u00e8s, de rectification, d&rsquo;effacement (oubli), de limitation, de r\u00e9ception de la notification en cas de rectification, d&rsquo;effacement ou de limitation, de portabilit\u00e9, d&rsquo;opposition et de ne pas faire l&rsquo;objet d&rsquo;une d\u00e9cision individuelle automatis\u00e9e, y compris le profilage, conform\u00e9ment aux articles 15 \u00e0 22 du RGPD. Ces droits peuvent \u00eatre exerc\u00e9s dans les formes et les d\u00e9lais vis\u00e9s \u00e0 l&rsquo;art. 12 du RGPD, par communication \u00e9crite envoy\u00e9e au Responsable (voir point 10). Le Responsable apportera une r\u00e9ponse ad\u00e9quate d\u00e8s que possible \u00e0 compter de la r\u00e9ception de la demande.<\/p>\n<h3>10. Droit de r\u00e9vocation du consentement (Modalit\u00e9s d&rsquo;exercice des droits)<\/h3>\n<p>Il est possible de r\u00e9voquer le consentement, le cas \u00e9ch\u00e9ant, \u00e0 tout moment et\/ou d&rsquo;exercer ses droits en envoyant :<\/p>\n<ul>\n<li>une lettre recommand\u00e9e avec accus\u00e9 de r\u00e9ception \u00e0 l&rsquo;auteur de la pr\u00e9sente avec une demande expresse ;<\/li>\n<li>un e-mail \u00e0 l&rsquo;adresse info@finapptech.com.<\/li>\n<\/ul>\n<h3>11. R\u00e9clamations<\/h3>\n<p>Chaque Personne Concern\u00e9e a le droit d&rsquo;introduire une r\u00e9clamation conform\u00e9ment aux art. 77 et suivants du RGPD aupr\u00e8s d&rsquo;une autorit\u00e9 de contr\u00f4le, qui pour l&rsquo;\u00c9tat italien est identifi\u00e9e par le Garante per la protezione dei dati personali. Les formes, modalit\u00e9s et d\u00e9lais de pr\u00e9sentation des actions de r\u00e9clamation sont pr\u00e9vus et r\u00e9gis par la l\u00e9gislation nationale en vigueur. La r\u00e9clamation s&rsquo;effectue sans pr\u00e9judice des actions administratives et juridictionnelles qui, pour l&rsquo;\u00c9tat italien, peuvent \u00eatre propos\u00e9es alternativement au m\u00eame Garant ou au Tribunal comp\u00e9tent.<\/p>\n<h3>12. Responsable, Pr\u00e9pos\u00e9s\/Autoris\u00e9s, Sous-traitants du traitement<\/h3>\n<p>Nous vous fournissons ci-apr\u00e8s quelques informations qu&rsquo;il est n\u00e9cessaire de porter \u00e0 votre connaissance, non seulement pour satisfaire aux obligations l\u00e9gales, ma\u00efs aussi parce que la transparence et la loyaut\u00e9 envers les personnes concern\u00e9es sont des \u00e9l\u00e9ments fondateurs de notre activit\u00e9.<\/p>\n<p><strong>Responsable du traitement.<\/strong> Le Responsable du traitement de vos donn\u00e9es personnelles est Finapp SpA, responsable \u00e0 votre \u00e9gard de l&rsquo;utilisation l\u00e9gitime et correcte de vos donn\u00e9es personnelles et que vous pourrez contacter pour toute information ou demande aux coordonn\u00e9es suivantes : t\u00e9l\u00e9phone +39 049 0991301, e-mail : info@finapptech.com.<\/p>\n<p><strong>Pr\u00e9pos\u00e9s\/Autoris\u00e9s.<\/strong> La liste mise \u00e0 jour des pr\u00e9pos\u00e9s\/autoris\u00e9s au traitement est conservata au si\u00e8ge du Responsable du traitement.<\/p>\n<p><strong>Sous-traitants du traitement.<\/strong> Pour des raisons de bri\u00e8vet\u00e9, la liste d\u00e9taill\u00e9e de ces figures est disponible \u00e0 notre si\u00e8ge.<\/p>\n<\/div>\n[\/nectar_responsive_text][\/vc_column][\/vc_row]\n","protected":false},"excerpt":{"rendered":"<p>[vc_row type=\u00a0\u00bbin_container\u00a0\u00bb full_screen_row_position=\u00a0\u00bbmiddle\u00a0\u00bb column_margin=\u00a0\u00bbdefault\u00a0\u00bb column_direction=\u00a0\u00bbdefault\u00a0\u00bb column_direction_tablet=\u00a0\u00bbdefault\u00a0\u00bb column_direction_phone=\u00a0\u00bbdefault\u00a0\u00bb scene_position=\u00a0\u00bbcenter\u00a0\u00bb text_color=\u00a0\u00bbdark\u00a0\u00bb text_align=\u00a0\u00bbleft\u00a0\u00bb row_border_radius=\u00a0\u00bbnone\u00a0\u00bb row_border_radius_applies=\u00a0\u00bbbg\u00a0\u00bb overflow=\u00a0\u00bbvisible\u00a0\u00bb overlay_strength=\u00a0\u00bb0.3&Prime; gradient_direction=\u00a0\u00bbleft_to_right\u00a0\u00bb&#8230;<\/p>\n","protected":false},"author":2,"featured_media":0,"parent":0,"menu_order":0,"comment_status":"closed","ping_status":"closed","template":"","meta":{"footnotes":""},"acf":[],"yoast_head":"<!-- This site is optimized with the Yoast SEO plugin v20.13 - https:\/\/yoast.com\/wordpress\/plugins\/seo\/ -->\n<title>ICV Informations relatives au traitement des donn\u00e9es personnelles - Finapp<\/title>\n<meta name=\"robots\" content=\"index, follow, max-snippet:-1, max-image-preview:large, max-video-preview:-1\" \/>\n<link rel=\"canonical\" href=\"https:\/\/www.finapptech.com\/fr\/icv-informations-relatives-au-traitement-des-donnees-personnelles\/\" \/>\n<meta property=\"og:locale\" content=\"fr_FR\" \/>\n<meta property=\"og:type\" content=\"article\" \/>\n<meta property=\"og:title\" content=\"ICV Informations relatives au traitement des donn\u00e9es personnelles - Finapp\" \/>\n<meta property=\"og:description\" content=\"[vc_row type=\u00a0\u00bbin_container\u00a0\u00bb full_screen_row_position=\u00a0\u00bbmiddle\u00a0\u00bb column_margin=\u00a0\u00bbdefault\u00a0\u00bb column_direction=\u00a0\u00bbdefault\u00a0\u00bb column_direction_tablet=\u00a0\u00bbdefault\u00a0\u00bb column_direction_phone=\u00a0\u00bbdefault\u00a0\u00bb scene_position=\u00a0\u00bbcenter\u00a0\u00bb text_color=\u00a0\u00bbdark\u00a0\u00bb text_align=\u00a0\u00bbleft\u00a0\u00bb row_border_radius=\u00a0\u00bbnone\u00a0\u00bb row_border_radius_applies=\u00a0\u00bbbg\u00a0\u00bb overflow=\u00a0\u00bbvisible\u00a0\u00bb overlay_strength=\u00a0\u00bb0.3&Prime; gradient_direction=\u00a0\u00bbleft_to_right\u00a0\u00bb...\" \/>\n<meta property=\"og:url\" content=\"https:\/\/www.finapptech.com\/fr\/icv-informations-relatives-au-traitement-des-donnees-personnelles\/\" \/>\n<meta property=\"og:site_name\" content=\"Finapp\" \/>\n<meta name=\"twitter:card\" content=\"summary_large_image\" \/>\n<meta name=\"twitter:label1\" content=\"Est. reading time\" \/>\n\t<meta name=\"twitter:data1\" content=\"2 minutes\" \/>\n<script type=\"application\/ld+json\" class=\"yoast-schema-graph\">{\"@context\":\"https:\/\/schema.org\",\"@graph\":[{\"@type\":\"WebPage\",\"@id\":\"https:\/\/www.finapptech.com\/fr\/icv-informations-relatives-au-traitement-des-donnees-personnelles\/\",\"url\":\"https:\/\/www.finapptech.com\/fr\/icv-informations-relatives-au-traitement-des-donnees-personnelles\/\",\"name\":\"ICV Informations relatives au traitement des donn\u00e9es personnelles - Finapp\",\"isPartOf\":{\"@id\":\"http:\/\/www.finapptech.com\/fr\/#website\"},\"datePublished\":\"2026-02-26T10:15:51+00:00\",\"dateModified\":\"2026-02-26T10:15:51+00:00\",\"breadcrumb\":{\"@id\":\"https:\/\/www.finapptech.com\/fr\/icv-informations-relatives-au-traitement-des-donnees-personnelles\/#breadcrumb\"},\"inLanguage\":\"fr-FR\",\"potentialAction\":[{\"@type\":\"ReadAction\",\"target\":[\"https:\/\/www.finapptech.com\/fr\/icv-informations-relatives-au-traitement-des-donnees-personnelles\/\"]}]},{\"@type\":\"BreadcrumbList\",\"@id\":\"https:\/\/www.finapptech.com\/fr\/icv-informations-relatives-au-traitement-des-donnees-personnelles\/#breadcrumb\",\"itemListElement\":[{\"@type\":\"ListItem\",\"position\":1,\"name\":\"Home\",\"item\":\"https:\/\/www.finapptech.com\/fr\/\"},{\"@type\":\"ListItem\",\"position\":2,\"name\":\"ICV Informations relatives au traitement des donn\u00e9es personnelles\"}]},{\"@type\":\"WebSite\",\"@id\":\"http:\/\/www.finapptech.com\/fr\/#website\",\"url\":\"http:\/\/www.finapptech.com\/fr\/\",\"name\":\"Finapp\",\"description\":\"Life from cosmos\",\"potentialAction\":[{\"@type\":\"SearchAction\",\"target\":{\"@type\":\"EntryPoint\",\"urlTemplate\":\"http:\/\/www.finapptech.com\/fr\/?s={search_term_string}\"},\"query-input\":\"required name=search_term_string\"}],\"inLanguage\":\"fr-FR\"}]}<\/script>\n<!-- \/ Yoast SEO plugin. -->","yoast_head_json":{"title":"ICV Informations relatives au traitement des donn\u00e9es personnelles - Finapp","robots":{"index":"index","follow":"follow","max-snippet":"max-snippet:-1","max-image-preview":"max-image-preview:large","max-video-preview":"max-video-preview:-1"},"canonical":"https:\/\/www.finapptech.com\/fr\/icv-informations-relatives-au-traitement-des-donnees-personnelles\/","og_locale":"fr_FR","og_type":"article","og_title":"ICV Informations relatives au traitement des donn\u00e9es personnelles - Finapp","og_description":"[vc_row type=\u00a0\u00bbin_container\u00a0\u00bb full_screen_row_position=\u00a0\u00bbmiddle\u00a0\u00bb column_margin=\u00a0\u00bbdefault\u00a0\u00bb column_direction=\u00a0\u00bbdefault\u00a0\u00bb column_direction_tablet=\u00a0\u00bbdefault\u00a0\u00bb column_direction_phone=\u00a0\u00bbdefault\u00a0\u00bb scene_position=\u00a0\u00bbcenter\u00a0\u00bb text_color=\u00a0\u00bbdark\u00a0\u00bb text_align=\u00a0\u00bbleft\u00a0\u00bb row_border_radius=\u00a0\u00bbnone\u00a0\u00bb row_border_radius_applies=\u00a0\u00bbbg\u00a0\u00bb overflow=\u00a0\u00bbvisible\u00a0\u00bb overlay_strength=\u00a0\u00bb0.3&Prime; gradient_direction=\u00a0\u00bbleft_to_right\u00a0\u00bb...","og_url":"https:\/\/www.finapptech.com\/fr\/icv-informations-relatives-au-traitement-des-donnees-personnelles\/","og_site_name":"Finapp","twitter_card":"summary_large_image","twitter_misc":{"Est. reading time":"2 minutes"},"schema":{"@context":"https:\/\/schema.org","@graph":[{"@type":"WebPage","@id":"https:\/\/www.finapptech.com\/fr\/icv-informations-relatives-au-traitement-des-donnees-personnelles\/","url":"https:\/\/www.finapptech.com\/fr\/icv-informations-relatives-au-traitement-des-donnees-personnelles\/","name":"ICV Informations relatives au traitement des donn\u00e9es personnelles - Finapp","isPartOf":{"@id":"http:\/\/www.finapptech.com\/fr\/#website"},"datePublished":"2026-02-26T10:15:51+00:00","dateModified":"2026-02-26T10:15:51+00:00","breadcrumb":{"@id":"https:\/\/www.finapptech.com\/fr\/icv-informations-relatives-au-traitement-des-donnees-personnelles\/#breadcrumb"},"inLanguage":"fr-FR","potentialAction":[{"@type":"ReadAction","target":["https:\/\/www.finapptech.com\/fr\/icv-informations-relatives-au-traitement-des-donnees-personnelles\/"]}]},{"@type":"BreadcrumbList","@id":"https:\/\/www.finapptech.com\/fr\/icv-informations-relatives-au-traitement-des-donnees-personnelles\/#breadcrumb","itemListElement":[{"@type":"ListItem","position":1,"name":"Home","item":"https:\/\/www.finapptech.com\/fr\/"},{"@type":"ListItem","position":2,"name":"ICV Informations relatives au traitement des donn\u00e9es personnelles"}]},{"@type":"WebSite","@id":"http:\/\/www.finapptech.com\/fr\/#website","url":"http:\/\/www.finapptech.com\/fr\/","name":"Finapp","description":"Life from cosmos","potentialAction":[{"@type":"SearchAction","target":{"@type":"EntryPoint","urlTemplate":"http:\/\/www.finapptech.com\/fr\/?s={search_term_string}"},"query-input":"required name=search_term_string"}],"inLanguage":"fr-FR"}]}},"_links":{"self":[{"href":"https:\/\/www.finapptech.com\/fr\/wp-json\/wp\/v2\/pages\/14066"}],"collection":[{"href":"https:\/\/www.finapptech.com\/fr\/wp-json\/wp\/v2\/pages"}],"about":[{"href":"https:\/\/www.finapptech.com\/fr\/wp-json\/wp\/v2\/types\/page"}],"author":[{"embeddable":true,"href":"https:\/\/www.finapptech.com\/fr\/wp-json\/wp\/v2\/users\/2"}],"replies":[{"embeddable":true,"href":"https:\/\/www.finapptech.com\/fr\/wp-json\/wp\/v2\/comments?post=14066"}],"version-history":[{"count":2,"href":"https:\/\/www.finapptech.com\/fr\/wp-json\/wp\/v2\/pages\/14066\/revisions"}],"predecessor-version":[{"id":14097,"href":"https:\/\/www.finapptech.com\/fr\/wp-json\/wp\/v2\/pages\/14066\/revisions\/14097"}],"wp:attachment":[{"href":"https:\/\/www.finapptech.com\/fr\/wp-json\/wp\/v2\/media?parent=14066"}],"curies":[{"name":"wp","href":"https:\/\/api.w.org\/{rel}","templated":true}]}}