{"id":13712,"date":"2025-11-05T09:53:38","date_gmt":"2025-11-05T08:53:38","guid":{"rendered":"https:\/\/www.finapptech.com\/?page_id=13712"},"modified":"2026-02-24T10:05:26","modified_gmt":"2026-02-24T09:05:26","slug":"hiba-chraibi","status":"publish","type":"page","link":"https:\/\/www.finapptech.com\/fr\/lequipe\/hiba-chraibi\/","title":{"rendered":"Hiba Chraibi"},"content":{"rendered":"[vc_row type=\u00a0\u00bbin_container\u00a0\u00bb full_screen_row_position=\u00a0\u00bbmiddle\u00a0\u00bb column_margin=\u00a0\u00bbnone\u00a0\u00bb column_direction=\u00a0\u00bbdefault\u00a0\u00bb column_direction_tablet=\u00a0\u00bbdefault\u00a0\u00bb column_direction_phone=\u00a0\u00bbdefault\u00a0\u00bb scene_position=\u00a0\u00bbcenter\u00a0\u00bb text_color=\u00a0\u00bbdark\u00a0\u00bb text_align=\u00a0\u00bbright\u00a0\u00bb row_border_radius=\u00a0\u00bbnone\u00a0\u00bb row_border_radius_applies=\u00a0\u00bbbg\u00a0\u00bb overflow=\u00a0\u00bbvisible\u00a0\u00bb overlay_strength=\u00a0\u00bb0.3&Prime; gradient_direction=\u00a0\u00bbleft_to_right\u00a0\u00bb shape_divider_position=\u00a0\u00bbbottom\u00a0\u00bb bg_image_animation=\u00a0\u00bbnone\u00a0\u00bb gradient_type=\u00a0\u00bbdefault\u00a0\u00bb shape_type=\u00a0\u00bb\u00a0\u00bb][vc_column column_padding=\u00a0\u00bbno-extra-padding\u00a0\u00bb column_padding_tablet=\u00a0\u00bbinherit\u00a0\u00bb column_padding_phone=\u00a0\u00bbinherit\u00a0\u00bb column_padding_position=\u00a0\u00bball\u00a0\u00bb column_element_direction_desktop=\u00a0\u00bbdefault\u00a0\u00bb column_element_spacing=\u00a0\u00bbdefault\u00a0\u00bb desktop_text_alignment=\u00a0\u00bbdefault\u00a0\u00bb tablet_text_alignment=\u00a0\u00bbdefault\u00a0\u00bb phone_text_alignment=\u00a0\u00bbdefault\u00a0\u00bb background_color_opacity=\u00a0\u00bb1&Prime; background_hover_color_opacity=\u00a0\u00bb1&Prime; column_backdrop_filter=\u00a0\u00bbnone\u00a0\u00bb column_shadow=\u00a0\u00bbnone\u00a0\u00bb column_border_radius=\u00a0\u00bbnone\u00a0\u00bb column_link_target=\u00a0\u00bb_self\u00a0\u00bb column_position=\u00a0\u00bbdefault\u00a0\u00bb gradient_direction=\u00a0\u00bbleft_to_right\u00a0\u00bb overlay_strength=\u00a0\u00bb0.3&Prime; width=\u00a0\u00bb1\/1&Prime; tablet_width_inherit=\u00a0\u00bbdefault\u00a0\u00bb animation_type=\u00a0\u00bbdefault\u00a0\u00bb bg_image_animation=\u00a0\u00bbnone\u00a0\u00bb border_type=\u00a0\u00bbsimple\u00a0\u00bb column_border_width=\u00a0\u00bbnone\u00a0\u00bb column_border_style=\u00a0\u00bbsolid\u00a0\u00bb][vc_raw_html]JTVCd3BzZW9fYnJlYWRjcnVtYiU1RCUwQQ==[\/vc_raw_html][\/vc_column][\/vc_row][vc_row type=\u00a0\u00bbfull_width_content\u00a0\u00bb full_screen_row_position=\u00a0\u00bbmiddle\u00a0\u00bb column_margin=\u00a0\u00bbdefault\u00a0\u00bb equal_height=\u00a0\u00bbyes\u00a0\u00bb content_placement=\u00a0\u00bbtop\u00a0\u00bb column_direction=\u00a0\u00bbdefault\u00a0\u00bb column_direction_tablet=\u00a0\u00bbdefault\u00a0\u00bb column_direction_phone=\u00a0\u00bbdefault\u00a0\u00bb scene_position=\u00a0\u00bbcenter\u00a0\u00bb top_padding=\u00a0\u00bb40&Prime; bottom_padding=\u00a0\u00bb0&Prime; top_padding_tablet=\u00a0\u00bb40&Prime; text_color=\u00a0\u00bbdark\u00a0\u00bb text_align=\u00a0\u00bbleft\u00a0\u00bb row_border_radius=\u00a0\u00bbnone\u00a0\u00bb row_border_radius_applies=\u00a0\u00bbbg\u00a0\u00bb overflow=\u00a0\u00bbvisible\u00a0\u00bb class=\u00a0\u00bbrow__autgrid\u00a0\u00bb overlay_strength=\u00a0\u00bb0.3&Prime; gradient_direction=\u00a0\u00bbleft_to_right\u00a0\u00bb shape_divider_position=\u00a0\u00bbbottom\u00a0\u00bb bg_image_animation=\u00a0\u00bbnone\u00a0\u00bb gradient_type=\u00a0\u00bbdefault\u00a0\u00bb shape_type=\u00a0\u00bb\u00a0\u00bb][vc_column left_padding_desktop=\u00a0\u00bb85&Prime; right_padding_desktop=\u00a0\u00bb40&Prime; left_padding_tablet=\u00a0\u00bb40&Prime; column_element_direction_desktop=\u00a0\u00bbdefault\u00a0\u00bb column_element_spacing=\u00a0\u00bbdefault\u00a0\u00bb desktop_text_alignment=\u00a0\u00bbdefault\u00a0\u00bb tablet_text_alignment=\u00a0\u00bbdefault\u00a0\u00bb phone_text_alignment=\u00a0\u00bbdefault\u00a0\u00bb background_color_opacity=\u00a0\u00bb1&Prime; background_hover_color_opacity=\u00a0\u00bb1&Prime; column_backdrop_filter=\u00a0\u00bbnone\u00a0\u00bb column_shadow=\u00a0\u00bbnone\u00a0\u00bb column_border_radius=\u00a0\u00bbnone\u00a0\u00bb column_link_target=\u00a0\u00bb_self\u00a0\u00bb column_position=\u00a0\u00bbdefault\u00a0\u00bb el_class=\u00a0\u00bbcol__ac\u00a0\u00bb gradient_direction=\u00a0\u00bbleft_to_right\u00a0\u00bb overlay_strength=\u00a0\u00bb0.3&Prime; width=\u00a0\u00bb7\/12&Prime; tablet_width_inherit=\u00a0\u00bbdefault\u00a0\u00bb animation_type=\u00a0\u00bbdefault\u00a0\u00bb bg_image_animation=\u00a0\u00bbnone\u00a0\u00bb border_type=\u00a0\u00bbsimple\u00a0\u00bb column_border_width=\u00a0\u00bbnone\u00a0\u00bb column_border_style=\u00a0\u00bbsolid\u00a0\u00bb column_padding_type=\u00a0\u00bbadvanced\u00a0\u00bb gradient_type=\u00a0\u00bbdefault\u00a0\u00bb][nectar_responsive_text font_size_desktop=\u00a0\u00bb18px\u00a0\u00bb]<strong data-start=\"899\" data-end=\"925\">Responsable Commercial<\/strong>[\/nectar_responsive_text][nectar_responsive_text font_size_desktop=\u00a0\u00bb42px\u00a0\u00bb font_size_tablet=\u00a0\u00bb35px\u00a0\u00bb font_size_phone=\u00a0\u00bb28px\u00a0\u00bb max_width=\u00a0\u00bb600&Prime; font_line_height=\u00a0\u00bb1.3&Prime;]\n<h3>Hiba Chraibi<\/h3>\n[\/nectar_responsive_text][divider line_type=\u00a0\u00bbSmall Line\u00a0\u00bb line_alignment=\u00a0\u00bbdefault\u00a0\u00bb line_thickness=\u00a0\u00bb1&Prime; divider_color=\u00a0\u00bbdefault\u00a0\u00bb divider_opacity=\u00a0\u00bb70&Prime; custom_height=\u00a0\u00bb1&Prime; custom_line_width=\u00a0\u00bb600&Prime;][divider line_type=\u00a0\u00bbNo Line\u00a0\u00bb custom_height=\u00a0\u00bb30&Prime; custom_height_tablet=\u00a0\u00bb50&Prime;][vc_column_text max_width=\u00a0\u00bb600&Prime;]\n<div class=\"translation-input__main translation-input__result\">\n<div class=\"sentence-wrapper sentence-wrapper_target ng-star-inserted\">\n<p data-start=\"111\" data-end=\"835\"><strong>Hiba<\/strong> <strong>Chraibi<\/strong> poss\u00e8de plus de 14 ans d\u2019exp\u00e9rience en conseil, strat\u00e9gie et gestion des relations clients, acquise en France et sur les march\u00e9s internationaux. Avec une solide expertise en gestion de projets, d\u00e9veloppement commercial et strat\u00e9gies de commercialisation, elle a men\u00e9 avec succ\u00e8s des projets \u00e0 fort impact, co-con\u00e7u des propositions de valeur innovantes et accompagn\u00e9 d\u2019importants clients internationaux dans leurs transformations digitales et strat\u00e9giques. Habile \u00e0 \u00e9tablir la confiance avec les parties prenantes, identifier des opportunit\u00e9s de croissance et transformer des d\u00e9fis complexes en solutions concr\u00e8tes et \u00e9volutives, Hiba allie esprit entrepreneurial et approche analytique bas\u00e9e sur les donn\u00e9es.<\/p>\n<p data-start=\"837\" data-end=\"1351\" data-is-last-node=\"\" data-is-only-node=\"\">Depuis septembre 2025, Hiba travaille chez <strong>Finapp<\/strong> en tant que <strong data-start=\"899\" data-end=\"925\">Responsable Commercial<\/strong>, o\u00f9 elle met \u00e0 profit son expertise en innovation, transformation digitale et partenariats strat\u00e9giques pour \u00e9tendre l\u2019adoption de la technologie Cosmic Ray Neutron Sensing (CRNS). D\u00e9termin\u00e9e et visionnaire, elle est passionn\u00e9e par l\u2019expansion de Finapp sur de nouveaux march\u00e9s et la promotion d\u2019une gestion de l\u2019eau plus intelligente et durable, g\u00e9n\u00e9rant un impact environnemental positif gr\u00e2ce \u00e0 des technologies de pointe.<\/p>\n<\/div>\n<\/div>\n[\/vc_column_text][divider line_type=\u00a0\u00bbNo Line\u00a0\u00bb custom_height=\u00a0\u00bb0&Prime;][\/vc_column][vc_column left_padding_tablet=\u00a0\u00bb0&Prime; column_element_direction_desktop=\u00a0\u00bbdefault\u00a0\u00bb column_element_spacing=\u00a0\u00bbdefault\u00a0\u00bb desktop_text_alignment=\u00a0\u00bbdefault\u00a0\u00bb tablet_text_alignment=\u00a0\u00bbdefault\u00a0\u00bb phone_text_alignment=\u00a0\u00bbdefault\u00a0\u00bb background_color_opacity=\u00a0\u00bb1&Prime; background_hover_color_opacity=\u00a0\u00bb1&Prime; column_backdrop_filter=\u00a0\u00bbnone\u00a0\u00bb column_shadow=\u00a0\u00bbnone\u00a0\u00bb column_border_radius=\u00a0\u00bbnone\u00a0\u00bb column_link_target=\u00a0\u00bb_self\u00a0\u00bb column_position=\u00a0\u00bbdefault\u00a0\u00bb gradient_direction=\u00a0\u00bbleft_to_right\u00a0\u00bb overlay_strength=\u00a0\u00bb0.3&Prime; width=\u00a0\u00bb5\/12&Prime; tablet_width_inherit=\u00a0\u00bbdefault\u00a0\u00bb animation_type=\u00a0\u00bbdefault\u00a0\u00bb bg_image_animation=\u00a0\u00bbnone\u00a0\u00bb border_type=\u00a0\u00bbsimple\u00a0\u00bb column_border_width=\u00a0\u00bbnone\u00a0\u00bb column_border_style=\u00a0\u00bbsolid\u00a0\u00bb column_padding_type=\u00a0\u00bbadvanced\u00a0\u00bb gradient_type=\u00a0\u00bbdefault\u00a0\u00bb][image_with_animation image_url=\u00a0\u00bb13994&Prime; image_size=\u00a0\u00bbfull\u00a0\u00bb animation_type=\u00a0\u00bbentrance\u00a0\u00bb animation=\u00a0\u00bbNone\u00a0\u00bb animation_movement_type=\u00a0\u00bbtransform_y\u00a0\u00bb hover_animation=\u00a0\u00bbnone\u00a0\u00bb alignment=\u00a0\u00bbcenter\u00a0\u00bb border_radius=\u00a0\u00bbnone\u00a0\u00bb box_shadow=\u00a0\u00bbnone\u00a0\u00bb image_loading=\u00a0\u00bbdefault\u00a0\u00bb max_width=\u00a0\u00bb100%\u00a0\u00bb max_width_mobile=\u00a0\u00bbdefault\u00a0\u00bb][\/vc_column][\/vc_row]\n","protected":false},"excerpt":{"rendered":"<p>[vc_row type=\u00a0\u00bbin_container\u00a0\u00bb full_screen_row_position=\u00a0\u00bbmiddle\u00a0\u00bb column_margin=\u00a0\u00bbnone\u00a0\u00bb column_direction=\u00a0\u00bbdefault\u00a0\u00bb column_direction_tablet=\u00a0\u00bbdefault\u00a0\u00bb column_direction_phone=\u00a0\u00bbdefault\u00a0\u00bb scene_position=\u00a0\u00bbcenter\u00a0\u00bb text_color=\u00a0\u00bbdark\u00a0\u00bb text_align=\u00a0\u00bbright\u00a0\u00bb row_border_radius=\u00a0\u00bbnone\u00a0\u00bb row_border_radius_applies=\u00a0\u00bbbg\u00a0\u00bb overflow=\u00a0\u00bbvisible\u00a0\u00bb overlay_strength=\u00a0\u00bb0.3&Prime; gradient_direction=\u00a0\u00bbleft_to_right\u00a0\u00bb&#8230;<\/p>\n","protected":false},"author":5,"featured_media":0,"parent":8820,"menu_order":0,"comment_status":"closed","ping_status":"closed","template":"","meta":{"footnotes":""},"acf":[],"yoast_head":"<!-- This site is optimized with the Yoast SEO plugin v20.13 - https:\/\/yoast.com\/wordpress\/plugins\/seo\/ -->\n<title>Hiba Chraibi - Finapp<\/title>\n<meta name=\"description\" content=\"Hiba Chraibi, Responsable Commercial chez Finapp, d\u00e9veloppe la technologie CRNS et promeut une gestion durable de l\u2019eau.\" \/>\n<meta name=\"robots\" content=\"index, follow, max-snippet:-1, max-image-preview:large, max-video-preview:-1\" \/>\n<link rel=\"canonical\" href=\"https:\/\/www.finapptech.com\/fr\/lequipe\/hiba-chraibi\/\" \/>\n<meta property=\"og:locale\" content=\"fr_FR\" \/>\n<meta property=\"og:type\" content=\"article\" \/>\n<meta property=\"og:title\" content=\"Hiba Chraibi - Finapp\" \/>\n<meta property=\"og:description\" content=\"Hiba Chraibi, Responsable Commercial chez Finapp, d\u00e9veloppe la technologie CRNS et promeut une gestion durable de l\u2019eau.\" \/>\n<meta property=\"og:url\" content=\"https:\/\/www.finapptech.com\/fr\/lequipe\/hiba-chraibi\/\" \/>\n<meta property=\"og:site_name\" content=\"Finapp\" \/>\n<meta property=\"article:modified_time\" content=\"2026-02-24T09:05:26+00:00\" \/>\n<meta name=\"twitter:card\" content=\"summary_large_image\" \/>\n<meta name=\"twitter:label1\" content=\"Est. reading time\" \/>\n\t<meta name=\"twitter:data1\" content=\"2 minutes\" \/>\n<script type=\"application\/ld+json\" class=\"yoast-schema-graph\">{\"@context\":\"https:\/\/schema.org\",\"@graph\":[{\"@type\":\"WebPage\",\"@id\":\"https:\/\/www.finapptech.com\/fr\/lequipe\/hiba-chraibi\/\",\"url\":\"https:\/\/www.finapptech.com\/fr\/lequipe\/hiba-chraibi\/\",\"name\":\"Hiba Chraibi - Finapp\",\"isPartOf\":{\"@id\":\"http:\/\/www.finapptech.com\/fr\/#website\"},\"datePublished\":\"2025-11-05T08:53:38+00:00\",\"dateModified\":\"2026-02-24T09:05:26+00:00\",\"description\":\"Hiba Chraibi, Responsable Commercial chez Finapp, d\u00e9veloppe la technologie CRNS et promeut une gestion durable de l\u2019eau.\",\"breadcrumb\":{\"@id\":\"https:\/\/www.finapptech.com\/fr\/lequipe\/hiba-chraibi\/#breadcrumb\"},\"inLanguage\":\"fr-FR\",\"potentialAction\":[{\"@type\":\"ReadAction\",\"target\":[\"https:\/\/www.finapptech.com\/fr\/lequipe\/hiba-chraibi\/\"]}]},{\"@type\":\"BreadcrumbList\",\"@id\":\"https:\/\/www.finapptech.com\/fr\/lequipe\/hiba-chraibi\/#breadcrumb\",\"itemListElement\":[{\"@type\":\"ListItem\",\"position\":1,\"name\":\"Home\",\"item\":\"https:\/\/www.finapptech.com\/fr\/\"},{\"@type\":\"ListItem\",\"position\":2,\"name\":\"L&#8217;\u00e9quipe\",\"item\":\"https:\/\/www.finapptech.com\/fr\/lequipe\/\"},{\"@type\":\"ListItem\",\"position\":3,\"name\":\"Hiba Chraibi\"}]},{\"@type\":\"WebSite\",\"@id\":\"http:\/\/www.finapptech.com\/fr\/#website\",\"url\":\"http:\/\/www.finapptech.com\/fr\/\",\"name\":\"Finapp\",\"description\":\"Life from cosmos\",\"potentialAction\":[{\"@type\":\"SearchAction\",\"target\":{\"@type\":\"EntryPoint\",\"urlTemplate\":\"http:\/\/www.finapptech.com\/fr\/?s={search_term_string}\"},\"query-input\":\"required name=search_term_string\"}],\"inLanguage\":\"fr-FR\"}]}<\/script>\n<!-- \/ Yoast SEO plugin. -->","yoast_head_json":{"title":"Hiba Chraibi - Finapp","description":"Hiba Chraibi, Responsable Commercial chez Finapp, d\u00e9veloppe la technologie CRNS et promeut une gestion durable de l\u2019eau.","robots":{"index":"index","follow":"follow","max-snippet":"max-snippet:-1","max-image-preview":"max-image-preview:large","max-video-preview":"max-video-preview:-1"},"canonical":"https:\/\/www.finapptech.com\/fr\/lequipe\/hiba-chraibi\/","og_locale":"fr_FR","og_type":"article","og_title":"Hiba Chraibi - Finapp","og_description":"Hiba Chraibi, Responsable Commercial chez Finapp, d\u00e9veloppe la technologie CRNS et promeut une gestion durable de l\u2019eau.","og_url":"https:\/\/www.finapptech.com\/fr\/lequipe\/hiba-chraibi\/","og_site_name":"Finapp","article_modified_time":"2026-02-24T09:05:26+00:00","twitter_card":"summary_large_image","twitter_misc":{"Est. reading time":"2 minutes"},"schema":{"@context":"https:\/\/schema.org","@graph":[{"@type":"WebPage","@id":"https:\/\/www.finapptech.com\/fr\/lequipe\/hiba-chraibi\/","url":"https:\/\/www.finapptech.com\/fr\/lequipe\/hiba-chraibi\/","name":"Hiba Chraibi - Finapp","isPartOf":{"@id":"http:\/\/www.finapptech.com\/fr\/#website"},"datePublished":"2025-11-05T08:53:38+00:00","dateModified":"2026-02-24T09:05:26+00:00","description":"Hiba Chraibi, Responsable Commercial chez Finapp, d\u00e9veloppe la technologie CRNS et promeut une gestion durable de l\u2019eau.","breadcrumb":{"@id":"https:\/\/www.finapptech.com\/fr\/lequipe\/hiba-chraibi\/#breadcrumb"},"inLanguage":"fr-FR","potentialAction":[{"@type":"ReadAction","target":["https:\/\/www.finapptech.com\/fr\/lequipe\/hiba-chraibi\/"]}]},{"@type":"BreadcrumbList","@id":"https:\/\/www.finapptech.com\/fr\/lequipe\/hiba-chraibi\/#breadcrumb","itemListElement":[{"@type":"ListItem","position":1,"name":"Home","item":"https:\/\/www.finapptech.com\/fr\/"},{"@type":"ListItem","position":2,"name":"L&#8217;\u00e9quipe","item":"https:\/\/www.finapptech.com\/fr\/lequipe\/"},{"@type":"ListItem","position":3,"name":"Hiba Chraibi"}]},{"@type":"WebSite","@id":"http:\/\/www.finapptech.com\/fr\/#website","url":"http:\/\/www.finapptech.com\/fr\/","name":"Finapp","description":"Life from cosmos","potentialAction":[{"@type":"SearchAction","target":{"@type":"EntryPoint","urlTemplate":"http:\/\/www.finapptech.com\/fr\/?s={search_term_string}"},"query-input":"required name=search_term_string"}],"inLanguage":"fr-FR"}]}},"_links":{"self":[{"href":"https:\/\/www.finapptech.com\/fr\/wp-json\/wp\/v2\/pages\/13712"}],"collection":[{"href":"https:\/\/www.finapptech.com\/fr\/wp-json\/wp\/v2\/pages"}],"about":[{"href":"https:\/\/www.finapptech.com\/fr\/wp-json\/wp\/v2\/types\/page"}],"author":[{"embeddable":true,"href":"https:\/\/www.finapptech.com\/fr\/wp-json\/wp\/v2\/users\/5"}],"replies":[{"embeddable":true,"href":"https:\/\/www.finapptech.com\/fr\/wp-json\/wp\/v2\/comments?post=13712"}],"version-history":[{"count":2,"href":"https:\/\/www.finapptech.com\/fr\/wp-json\/wp\/v2\/pages\/13712\/revisions"}],"predecessor-version":[{"id":13997,"href":"https:\/\/www.finapptech.com\/fr\/wp-json\/wp\/v2\/pages\/13712\/revisions\/13997"}],"up":[{"embeddable":true,"href":"https:\/\/www.finapptech.com\/fr\/wp-json\/wp\/v2\/pages\/8820"}],"wp:attachment":[{"href":"https:\/\/www.finapptech.com\/fr\/wp-json\/wp\/v2\/media?parent=13712"}],"curies":[{"name":"wp","href":"https:\/\/api.w.org\/{rel}","templated":true}]}}